{"id":78,"date":"2015-11-05T14:32:20","date_gmt":"2015-11-05T20:32:20","guid":{"rendered":"https:\/\/mineralestierrafertil.com\/minerales\/?page_id=78"},"modified":"2015-11-10T22:48:25","modified_gmt":"2015-11-11T04:48:25","slug":"quienes-somos","status":"publish","type":"page","link":"https:\/\/mineralestierrafertil.com\/minerales\/quienes-somos\/","title":{"rendered":"Quienes somos"},"content":{"rendered":"<div id=\"pl-78\"  class=\"panel-layout\" ><div id=\"pg-78-0\"  class=\"panel-grid panel-has-style\" ><div class=\"panel-row-style panel-row-style-for-78-0\" ><div id=\"pgc-78-0-0\"  class=\"panel-grid-cell panel-grid-cell-empty\" ><\/div><div id=\"pgc-78-0-1\"  class=\"panel-grid-cell panel-grid-cell-mobile-last\" ><div id=\"panel-78-0-1-0\" class=\"so-panel widget widget_black-studio-tinymce widget_black_studio_tinymce panel-first-child panel-last-child\" data-index=\"0\" ><div class=\"textwidget\"><h1><div class=\"su-spacer\" style=\"height:40px\"><\/div>Minerales <span class=\"no_translate\">Tierra F\u00e9rtil<\/span> de El Salvador<\/h1>\n<p><span style=\"color: #000000;\">Somos una empresa dedicada a la producci\u00f3n y comercializaci\u00f3n de productos ecol\u00f3gicos con nuestra l\u00ednea MINERALES <span class=\"no_translate\">TIERRA FERTIL<\/span> buscamos devolver la Fertilidad al Suelo, potenciar la Fertilizaci\u00f3n Qu\u00edmica y Org\u00e1nica, mejorar el Medio Ambiente, mejorar el Valor Nutricional de las Cosechas al mismo tiempo que hacemos Rentable la Agricultura.<\/span><\/p>\n<p>\u00a0<\/p>\n<p><span style=\"color: #000000;\"><strong>VISION<\/strong><\/span><\/p>\n<p><span style=\"color: #000000;\">Ser la mejor empresa productora y comercializadora de productos Naturales para la agricultura en El Salvador, dando especial importancia a la presencia de nuestros productos a nivel internacional.<\/span><\/p>\n<p>\u00a0<\/p>\n<p><span style=\"color: #000000;\"><strong>MISION<\/strong><\/span><\/p>\n<p><span style=\"color: #000000;\">Brindar a nuestros clientes productos naturales para la agricultura, la mejor atenci\u00f3n, el mejor producto, que ayude a aumentar los rendimientos de los cultivos, la rentabilidad del agro, que aumente la sanidad del suelo y planta al mismo tiempo que mejore el medio ambiente y el valor nutricional de las cosechas.<\/span><\/p>\n<p><div class=\"su-spacer\" style=\"height:40px\"><\/div><\/p>\n<\/div><\/div><\/div><div id=\"pgc-78-0-2\"  class=\"panel-grid-cell panel-grid-cell-empty\" ><\/div><\/div><\/div><\/div>","protected":false},"excerpt":{"rendered":"<p>Minerales de El SalvadorSomos una empresa dedicada a la producci\u00f3n y comercializaci\u00f3n de productos ecol\u00f3gicos con nuestra l\u00ednea MINERALES buscamos devolver la Fertilidad al Suelo, potenciar la Fertilizaci\u00f3n Qu\u00edmica y Org\u00e1nica, mejorar el Medio Ambiente, mejorar el Valor Nutricional de las Cosechas al mismo tiempo que hacemos Rentable la Agricultura.\u00a0VISIONSer la mejor empresa productora y [&hellip;]<\/p>\n","protected":false},"author":1,"featured_media":0,"parent":0,"menu_order":2,"comment_status":"closed","ping_status":"closed","template":"","meta":{"footnotes":""},"class_list":["post-78","page","type-page","status-publish","hentry"],"aioseo_notices":[],"_links":{"self":[{"href":"https:\/\/mineralestierrafertil.com\/minerales\/wp-json\/wp\/v2\/pages\/78","targetHints":{"allow":["GET"]}}],"collection":[{"href":"https:\/\/mineralestierrafertil.com\/minerales\/wp-json\/wp\/v2\/pages"}],"about":[{"href":"https:\/\/mineralestierrafertil.com\/minerales\/wp-json\/wp\/v2\/types\/page"}],"author":[{"embeddable":true,"href":"https:\/\/mineralestierrafertil.com\/minerales\/wp-json\/wp\/v2\/users\/1"}],"replies":[{"embeddable":true,"href":"https:\/\/mineralestierrafertil.com\/minerales\/wp-json\/wp\/v2\/comments?post=78"}],"version-history":[{"count":8,"href":"https:\/\/mineralestierrafertil.com\/minerales\/wp-json\/wp\/v2\/pages\/78\/revisions"}],"predecessor-version":[{"id":252,"href":"https:\/\/mineralestierrafertil.com\/minerales\/wp-json\/wp\/v2\/pages\/78\/revisions\/252"}],"wp:attachment":[{"href":"https:\/\/mineralestierrafertil.com\/minerales\/wp-json\/wp\/v2\/media?parent=78"}],"curies":[{"name":"wp","href":"https:\/\/api.w.org\/{rel}","templated":true}]}}