{"id":29,"date":"2015-11-04T10:30:17","date_gmt":"2015-11-04T16:30:17","guid":{"rendered":"https:\/\/mineralestierrafertil.com\/minerales\/?page_id=29"},"modified":"2015-11-10T22:59:24","modified_gmt":"2015-11-11T04:59:24","slug":"para-saber-mas","status":"publish","type":"page","link":"https:\/\/mineralestierrafertil.com\/minerales\/tierra-fertil\/para-saber-mas\/","title":{"rendered":"Para saber m\u00e1s"},"content":{"rendered":"<div id=\"pl-29\"  class=\"panel-layout\" ><div id=\"pg-29-0\"  class=\"panel-grid panel-no-style\" ><div id=\"pgc-29-0-0\"  class=\"panel-grid-cell\" ><div id=\"panel-29-0-0-0\" class=\"so-panel widget widget_black-studio-tinymce widget_black_studio_tinymce panel-first-child panel-last-child\" data-index=\"0\" ><div class=\"textwidget\"><p><img loading=\"lazy\" decoding=\"async\" width=\"1600\" height=\"600\" class=\"aligncenter wp-image-97 size-full\" src=\"https:\/\/mineralestierrafertil.com\/minerales\/wp-content\/uploads\/2015\/11\/sabermas.png\" alt=\"Para saber m\u00e1s sobre las ventajas de los Minerales Tierra F\u00e9rtil\" srcset=\"https:\/\/mineralestierrafertil.com\/minerales\/wp-content\/uploads\/2015\/11\/sabermas.png 1600w, https:\/\/mineralestierrafertil.com\/minerales\/wp-content\/uploads\/2015\/11\/sabermas-300x113.png 300w, https:\/\/mineralestierrafertil.com\/minerales\/wp-content\/uploads\/2015\/11\/sabermas-1024x384.png 1024w\" sizes=\"auto, (max-width: 1600px) 100vw, 1600px\" \/><\/p>\n<\/div><\/div><\/div><\/div><div id=\"pg-29-1\"  class=\"panel-grid panel-no-style\" ><div id=\"pgc-29-1-0\"  class=\"panel-grid-cell panel-grid-cell-empty\" ><\/div><div id=\"pgc-29-1-1\"  class=\"panel-grid-cell panel-grid-cell-mobile-last\" ><div id=\"panel-29-1-1-0\" class=\"so-panel widget widget_black-studio-tinymce widget_black_studio_tinymce panel-first-child panel-last-child\" data-index=\"1\" ><div class=\"textwidget\"><h1>LA IMPORTANCIA DE LA MINERALIZACI\u00d3N DE LOS SUELOS<\/h1>\n<p>En <span class=\"no_translate\">Minerales Tierra F\u00e9rtil El Salvador<\/span>, nos tomamos muy en serio los beneficios para la salud de un suelo balanceado, pues esto trae beneficios a la salud, al ser la fuente de nutrientes para los diferentes alimentos que consumimos. \u00a0A continuaci\u00f3n presentamos una serie de art\u00edculos de mucho inter\u00e9s.<\/p>\n<p><div class=\"su-divider su-divider-style-default\" style=\"margin:15px 0;border-width:3px;border-color:#03683a\"><\/div><\/p>\n<p><div class=\"su-list\" style=\"margin-left:0px\"><\/p>\n<ul>\n<li><i class=\"sui sui-check\" style=\"color:#03683A\"><\/i> Estudio en Suecia sobre la alimentaci\u00f3n en base a productos provenientes de la agricultura convencional vrs. agricultura org\u00e1nica. \u00a0La convencional aumenta componentes de los agroqu\u00edmicos en el organismo. \u00a0La org\u00e1nica no lo permite.\u00a0<a href=\"http:\/\/foodtank.com\/news\/2015\/06\/does-eating-organic-really-make-a-difference\" target=\"_blank\">http:\/\/foodtank.com\/news\/2015\/06\/does-eating-organic-really-make-a-difference<\/a><\/li>\n<\/ul>\n<ul>\n<li><i class=\"sui sui-check\" style=\"color:#03683A\"><\/i> Importancia de los micro-nutrientes en los cultivos agr\u00edcolas.\u00a0<a href=\"http:\/\/www.agronomiaparatodos.org\/2015\/01\/los-micronutrientes-en-los-cultivos-agricolas.html\" target=\"_blank\">http:\/\/www.agronomiaparatodos.org\/2015\/01\/los-micro-nutrientes-en-los-cultivos-agricolas.html<\/a><\/li>\n<li><i class=\"sui sui-check\" style=\"color:#03683A\"><\/i> Importancia de los micro-organismos como promotores del crecimiento vegetal. \u00a0<a href=\"https:\/\/www.intagri.com\/articulos\/nutricion-vegetal\/bacterias-promotoras-del-crecimiento-vegental#sthash.IDLWGuTT.oadb9jrS.dpbs\" target=\"_blank\">https:\/\/www.intagri.com\/articulos\/nutricion-vegetal\/bacterias-promotoras-del-crecimiento-vegental#sthash.IDLWGuTT.oadb9jrS.dpbs<\/a><\/li>\n<li><i class=\"sui sui-check\" style=\"color:#03683A\"><\/i> Por qu\u00e9 se agotan los suelos? \u00a0<a href=\"http:\/\/www.agronomiaparatodos.org\/2015\/04\/por-que-se-agotan-los-suelos-agricolas.html\" target=\"_blank\">http:\/\/www.agronomiaparatodos.org\/2015\/04\/por-que-se-agotan-los-suelos-agricolas.html<\/a><\/li>\n<li><i class=\"sui sui-check\" style=\"color:#03683A\"><\/i> Necesidad actual de los micro-nutrientes en los cultivos. \u00a0<a href=\"http:\/\/www.profertilnutrientes.com.ar\/images\/archivos\/559.pdf\" target=\"_blank\">http:\/\/www.profertilnutrientes.com.ar\/images\/archivos\/559.pdf<\/a><\/li>\n<li><i class=\"sui sui-check\" style=\"color:#03683A\"><\/i> Productos de Silicio ayudan a las plantas a superar estr\u00e9s bi\u00f3tico y abi\u00f3tico. \u00a0http:\/\/www.redagricola.com\/reportajes\/nutricion\/productos-de-silicio-ayudan-las-plantas-superar-estres-biotico-y-abiotico<\/li>\n<\/ul>\n<p><\/div><\/p>\n<\/div><\/div><\/div><div id=\"pgc-29-1-2\"  class=\"panel-grid-cell panel-grid-cell-empty\" ><\/div><\/div><\/div>","protected":false},"excerpt":{"rendered":"<p>LA IMPORTANCIA DE LA MINERALIZACI\u00d3N DE LOS SUELOSEn , nos tomamos muy en serio los beneficios para la salud de un suelo balanceado, pues esto trae beneficios a la salud, al ser la fuente de nutrientes para los diferentes alimentos que consumimos. \u00a0A continuaci\u00f3n presentamos una serie de art\u00edculos de mucho inter\u00e9s.<\/p>\n","protected":false},"author":1,"featured_media":0,"parent":5,"menu_order":6,"comment_status":"closed","ping_status":"closed","template":"","meta":{"footnotes":""},"class_list":["post-29","page","type-page","status-publish","hentry"],"aioseo_notices":[],"_links":{"self":[{"href":"https:\/\/mineralestierrafertil.com\/minerales\/wp-json\/wp\/v2\/pages\/29","targetHints":{"allow":["GET"]}}],"collection":[{"href":"https:\/\/mineralestierrafertil.com\/minerales\/wp-json\/wp\/v2\/pages"}],"about":[{"href":"https:\/\/mineralestierrafertil.com\/minerales\/wp-json\/wp\/v2\/types\/page"}],"author":[{"embeddable":true,"href":"https:\/\/mineralestierrafertil.com\/minerales\/wp-json\/wp\/v2\/users\/1"}],"replies":[{"embeddable":true,"href":"https:\/\/mineralestierrafertil.com\/minerales\/wp-json\/wp\/v2\/comments?post=29"}],"version-history":[{"count":17,"href":"https:\/\/mineralestierrafertil.com\/minerales\/wp-json\/wp\/v2\/pages\/29\/revisions"}],"predecessor-version":[{"id":256,"href":"https:\/\/mineralestierrafertil.com\/minerales\/wp-json\/wp\/v2\/pages\/29\/revisions\/256"}],"up":[{"embeddable":true,"href":"https:\/\/mineralestierrafertil.com\/minerales\/wp-json\/wp\/v2\/pages\/5"}],"wp:attachment":[{"href":"https:\/\/mineralestierrafertil.com\/minerales\/wp-json\/wp\/v2\/media?parent=29"}],"curies":[{"name":"wp","href":"https:\/\/api.w.org\/{rel}","templated":true}]}}