{"id":237,"date":"2015-11-09T17:01:36","date_gmt":"2015-11-09T23:01:36","guid":{"rendered":"https:\/\/mineralestierrafertil.com\/minerales\/?page_id=237"},"modified":"2015-11-10T22:55:56","modified_gmt":"2015-11-11T04:55:56","slug":"novedades","status":"publish","type":"page","link":"https:\/\/mineralestierrafertil.com\/minerales\/novedades\/","title":{"rendered":"Novedades"},"content":{"rendered":"<div id=\"pl-237\"  class=\"panel-layout\" ><div id=\"pg-237-0\"  class=\"panel-grid panel-no-style\" ><div id=\"pgc-237-0-0\"  class=\"panel-grid-cell panel-grid-cell-empty\" ><\/div><div id=\"pgc-237-0-1\"  class=\"panel-grid-cell\" ><div id=\"panel-237-0-1-0\" class=\"so-panel widget widget_black-studio-tinymce widget_black_studio_tinymce panel-first-child panel-last-child\" data-index=\"0\" ><div class=\"textwidget\"><h1>Minerales <span class=\"no_translate\">Tierra F\u00e9rtil<\/span> en el d\u00eda de la Caficultura<\/h1>\n<p>El d\u00eda 22 de octubre de 2015, <span class=\"no_translate\">Minerales Tierra<\/span> F\u00e9rtil de El Salvador participa en el d\u00eda de la Caficultura.<\/p>\n<p>\u00a0<\/p>\n<\/div><\/div><\/div><div id=\"pgc-237-0-2\"  class=\"panel-grid-cell panel-grid-cell-mobile-last\" ><div id=\"panel-237-0-2-0\" class=\"so-panel widget widget_black-studio-tinymce widget_black_studio_tinymce panel-first-child panel-last-child\" data-index=\"1\" ><div class=\"textwidget\"><p><img loading=\"lazy\" decoding=\"async\" width=\"500\" height=\"332\" class=\"aligncenter wp-image-240 size-full\" src=\"https:\/\/mineralestierrafertil.com\/minerales\/wp-content\/uploads\/2015\/11\/diadelacaficultura.jpg\" alt=\"Minerales Tierra F\u00e9rtil en el d\u00eda de la caficultua\" srcset=\"https:\/\/mineralestierrafertil.com\/minerales\/wp-content\/uploads\/2015\/11\/diadelacaficultura.jpg 500w, https:\/\/mineralestierrafertil.com\/minerales\/wp-content\/uploads\/2015\/11\/diadelacaficultura-300x199.jpg 300w\" sizes=\"auto, (max-width: 500px) 100vw, 500px\" \/><\/p>\n<\/div><\/div><\/div><div id=\"pgc-237-0-3\"  class=\"panel-grid-cell panel-grid-cell-empty\" ><\/div><\/div><\/div>","protected":false},"excerpt":{"rendered":"<p>Minerales en el d\u00eda de la CaficulturaEl d\u00eda 22 de octubre de 2015, F\u00e9rtil de El Salvador participa en el d\u00eda de la Caficultura.\u00a0<\/p>\n","protected":false},"author":1,"featured_media":0,"parent":0,"menu_order":5,"comment_status":"closed","ping_status":"closed","template":"","meta":{"footnotes":""},"class_list":["post-237","page","type-page","status-publish","hentry"],"aioseo_notices":[],"_links":{"self":[{"href":"https:\/\/mineralestierrafertil.com\/minerales\/wp-json\/wp\/v2\/pages\/237","targetHints":{"allow":["GET"]}}],"collection":[{"href":"https:\/\/mineralestierrafertil.com\/minerales\/wp-json\/wp\/v2\/pages"}],"about":[{"href":"https:\/\/mineralestierrafertil.com\/minerales\/wp-json\/wp\/v2\/types\/page"}],"author":[{"embeddable":true,"href":"https:\/\/mineralestierrafertil.com\/minerales\/wp-json\/wp\/v2\/users\/1"}],"replies":[{"embeddable":true,"href":"https:\/\/mineralestierrafertil.com\/minerales\/wp-json\/wp\/v2\/comments?post=237"}],"version-history":[{"count":5,"href":"https:\/\/mineralestierrafertil.com\/minerales\/wp-json\/wp\/v2\/pages\/237\/revisions"}],"predecessor-version":[{"id":255,"href":"https:\/\/mineralestierrafertil.com\/minerales\/wp-json\/wp\/v2\/pages\/237\/revisions\/255"}],"wp:attachment":[{"href":"https:\/\/mineralestierrafertil.com\/minerales\/wp-json\/wp\/v2\/media?parent=237"}],"curies":[{"name":"wp","href":"https:\/\/api.w.org\/{rel}","templated":true}]}}